{"id":8805,"date":"2025-10-17T11:46:15","date_gmt":"2025-10-17T08:46:15","guid":{"rendered":"https:\/\/sosyalhizmet.avrasya.edu.tr\/?page_id=8805"},"modified":"2025-10-17T11:46:15","modified_gmt":"2025-10-17T08:46:15","slug":"komisyon-sorumlular","status":"publish","type":"page","link":"https:\/\/sosyalhizmet.avrasya.edu.tr\/?page_id=8805","title":{"rendered":"Komisyon\/Sorumlular"},"content":{"rendered":"\n<p><strong>\u0130ntibak Komisyonu<\/strong><br>           \u00d6\u011fr. G\u00f6r. Fatmanur YOLALANER<br><strong>De\u011fi\u015fim Program\u0131 Sorumlusu<\/strong><br>           \u00d6\u011fr. G\u00f6r. Fatmanur YOLALANER<br><strong>Stratejik Plan\/B\u0130DR Sorumlusu<\/strong><br>           \u00d6\u011fr. G\u00f6r. Fatmanur YOLALANER<br><strong>Proje Sorumlusu<\/strong><br>           \u00d6\u011fr. G\u00f6r. Fatmanur YOLALANER<br><strong>Mezun \u0130zleme Sorumlusu<\/strong><br>           \u00d6\u011fr. G\u00f6r. Fatmanur YOLALANER<\/p>\n","protected":false},"excerpt":{"rendered":"<p>\u0130ntibak Komisyonu \u00d6\u011fr. G\u00f6r. Fatmanur YOLALANERDe\u011fi\u015fim Program\u0131 Sorumlusu \u00d6\u011fr. G\u00f6r. Fatmanur YOLALANERStratejik Plan\/B\u0130DR Sorumlusu \u00d6\u011fr. G\u00f6r. Fatmanur YOLALANERProje Sorumlusu \u00d6\u011fr. G\u00f6r. Fatmanur YOLALANERMezun \u0130zleme Sorumlusu \u00d6\u011fr. G\u00f6r. Fatmanur YOLALANER<\/p>\n","protected":false},"author":1,"featured_media":0,"parent":0,"menu_order":0,"comment_status":"closed","ping_status":"closed","template":"","meta":{"footnotes":""},"class_list":["post-8805","page","type-page","status-publish","hentry"],"_links":{"self":[{"href":"https:\/\/sosyalhizmet.avrasya.edu.tr\/index.php?rest_route=\/wp\/v2\/pages\/8805","targetHints":{"allow":["GET"]}}],"collection":[{"href":"https:\/\/sosyalhizmet.avrasya.edu.tr\/index.php?rest_route=\/wp\/v2\/pages"}],"about":[{"href":"https:\/\/sosyalhizmet.avrasya.edu.tr\/index.php?rest_route=\/wp\/v2\/types\/page"}],"author":[{"embeddable":true,"href":"https:\/\/sosyalhizmet.avrasya.edu.tr\/index.php?rest_route=\/wp\/v2\/users\/1"}],"replies":[{"embeddable":true,"href":"https:\/\/sosyalhizmet.avrasya.edu.tr\/index.php?rest_route=%2Fwp%2Fv2%2Fcomments&post=8805"}],"version-history":[{"count":2,"href":"https:\/\/sosyalhizmet.avrasya.edu.tr\/index.php?rest_route=\/wp\/v2\/pages\/8805\/revisions"}],"predecessor-version":[{"id":8807,"href":"https:\/\/sosyalhizmet.avrasya.edu.tr\/index.php?rest_route=\/wp\/v2\/pages\/8805\/revisions\/8807"}],"wp:attachment":[{"href":"https:\/\/sosyalhizmet.avrasya.edu.tr\/index.php?rest_route=%2Fwp%2Fv2%2Fmedia&parent=8805"}],"curies":[{"name":"wp","href":"https:\/\/api.w.org\/{rel}","templated":true}]}}