{"id":8859,"date":"2025-10-17T14:31:30","date_gmt":"2025-10-17T11:31:30","guid":{"rendered":"https:\/\/sosyalhizmet.avrasya.edu.tr\/?page_id=8859"},"modified":"2025-10-17T14:31:31","modified_gmt":"2025-10-17T11:31:31","slug":"sosyal-hizmetler-programi-ogrenim-ciktilari","status":"publish","type":"page","link":"https:\/\/sosyalhizmet.avrasya.edu.tr\/?page_id=8859","title":{"rendered":"Sosyal Hizmetler Program\u0131 \u00d6\u011frenim \u00c7\u0131kt\u0131lar\u0131"},"content":{"rendered":"\n<p>P\u00d6\u00c71:&nbsp;Sosyal hizmet alan\u0131nda kuramsal ve uygulamal\u0131 ileri d\u00fczeyde bilgiyi tan\u0131mlar.<\/p>\n\n\n\n<p>P\u00d6\u00c72:&nbsp;Sosyal hizmet alan\u0131nda kuramsal ve uygulamal\u0131 ileri d\u00fczeyde bilgiyi tan\u0131mlar<\/p>\n\n\n\n<p>P\u00d6\u00c73: Sosyal hizmet alan\u0131nda kuramsal ve uygulamal\u0131 ileri d\u00fczeyde bilgiyi tan\u0131mlar<\/p>\n\n\n\n<p>P\u00d6\u00c74:&nbsp;Sosyal hizmet alan\u0131nda kuramsal ve uygulamal\u0131 ileri d\u00fczeyde bilgiyi tan\u0131mlar<\/p>\n\n\n\n<p>P\u00d6\u00c75:&nbsp;Bilgisayar teknolojilerini hem Sosyal hizmet mesleki alan\u0131nda hem de akademik alanda kullanabilecek beceriye sahip olur<\/p>\n\n\n\n<p>P\u00d6\u00c76:&nbsp;\u0130stihdam edildi\u011fi alanlarda ve\/veya bilimsel mecrada mevcut sosyal hizmet uygulamalar\u0131n\u0131n iyile\u015ftirilmesine ve geli\u015ftirilmesine y\u00f6nelik \u00e7al\u0131\u015fmalar yapar<\/p>\n\n\n\n<p>P\u00d6\u00c77:&nbsp;Alan\u0131nda edindi\u011fi ileri d\u00fczeydeki bilgi ve becerileri ele\u015ftirel bir yakla\u015f\u0131mla de\u011ferlendirir<br>P\u00d6\u00c78:&nbsp;Sosyal hizmet uygulamas\u0131 s\u00fcrecinde m\u00fcracaat\u00e7\u0131 sistemleri ile etkili ileti\u015fim kurma ve ileti\u015fim ara\u00e7lar\u0131n\u0131 kullanma bilgi ve becerisine sahip olur<\/p>\n\n\n\n<p>P\u00d6\u00c79:&nbsp;G\u00f6rev, yetki, hak ve sorumluluklar\u0131n\u0131, mesleki etik, insan haklar\u0131 ve sosyal adalet ilkeleri \u00e7er\u00e7evesinde y\u00fcr\u00fct\u00fcr<\/p>\n\n\n\n<p>P\u00d6\u00c710: Toplumsal sorumluluk bilinci ile ya\u015fad\u0131\u011f\u0131 sosyal \u00e7evre i\u00e7in proje ve etkinlikler d\u00fczenler; bireysel veya ekip \u00fcyesi olarak giri\u015fimci yetkinlik geli\u015ftirir<\/p>\n\n\n\n<p>P\u00d6\u00c711:&nbsp;Ki\u015fisel, mesleki ve\/veya \u00e7al\u0131\u015fma alan\u0131 ile ilgili risk ve f\u0131rsatlar\u0131 de\u011ferlendirerek bilgi ve becerilerinin sosyal\/k\u00fclt\u00fcrel\/ekonomik katma de\u011feri y\u00fcksek d\u00fc\u015f\u00fcnceye\/yakla\u015f\u0131ma\/teknolojiye\/\u00fcr\u00fcne d\u00f6n\u00fc\u015ft\u00fcr\u00fclmesinde sorumluluk al\u0131r<\/p>\n\n\n\n<p>P\u00d6\u00c712: \u00d6\u011frenme gereksinimlerini belirleyerek \u00f6\u011frenme hedefleri do\u011frultusunda kendisinin ve sorumlulu\u011fu alt\u0131ndaki ki\u015filerin performanslar\u0131n\u0131n geli\u015ftirilmesine y\u00f6nelik faaliyetleri planlar ve y\u00f6netir<\/p>\n\n\n\n<p>P\u00d6\u00c713: Yaz\u0131l\u0131 ve s\u00f6zl\u00fc ileti\u015fimde T\u00fcrk\u00e7eyi etkin kullan\u0131r; uluslararas\u0131 ortamda alan\u0131 ile ilgili kaynaklar\u0131 kullanabilecek ve meslekta\u015flar\u0131 ile ileti\u015fim kurabilecek d\u00fczeyde bir yabanc\u0131 dil bilgisine sahip olur<\/p>\n\n\n\n<p>P\u00d6\u00c714: \u00c7al\u0131\u015fmalar\u0131n\u0131 disiplinler, uzmanl\u0131klar ve kurumlar aras\u0131 i\u015fbirli\u011finin gerektirdi\u011fi ekip \u00e7al\u0131\u015fmas\u0131 ilkelerine uygun olarak ger\u00e7ekle\u015ftirir<\/p>\n\n\n\n<p>P\u00d6\u00c715: Alan\u0131 ile ilgili verilerin toplanmas\u0131, yorumlanmas\u0131, uygulanmas\u0131 ve sonu\u00e7lar\u0131n\u0131n duyurulmas\u0131 a\u015famalar\u0131nda toplumsal, bilimsel, k\u00fclt\u00fcrel ve etik de\u011ferlere uygun hareket eder<\/p>\n\n\n\n<p>P\u00d6\u00c716: Alan\u0131 ile ilgili faaliyetleri, sosyal haklar\u0131n evrenselli\u011fi, sosyal adalet, kalite k\u00fclt\u00fcr\u00fc ve k\u00fclt\u00fcrel de\u011ferlerin korunmas\u0131 ile \u00e7evre koruma, i\u015f sa\u011fl\u0131\u011f\u0131 ve g\u00fcvenli\u011fi konular\u0131nda edindi\u011fi bilin\u00e7 do\u011frultusunda y\u00fcr\u00fct\u00fcr<\/p>\n","protected":false},"excerpt":{"rendered":"<p>P\u00d6\u00c71:&nbsp;Sosyal hizmet alan\u0131nda kuramsal ve uygulamal\u0131 ileri d\u00fczeyde bilgiyi tan\u0131mlar. P\u00d6\u00c72:&nbsp;Sosyal hizmet alan\u0131nda kuramsal ve uygulamal\u0131 ileri d\u00fczeyde bilgiyi tan\u0131mlar P\u00d6\u00c73: Sosyal hizmet alan\u0131nda kuramsal ve uygulamal\u0131 ileri d\u00fczeyde bilgiyi [&hellip;]<\/p>\n","protected":false},"author":1,"featured_media":0,"parent":0,"menu_order":0,"comment_status":"closed","ping_status":"closed","template":"","meta":{"footnotes":""},"class_list":["post-8859","page","type-page","status-publish","hentry"],"_links":{"self":[{"href":"https:\/\/sosyalhizmet.avrasya.edu.tr\/index.php?rest_route=\/wp\/v2\/pages\/8859","targetHints":{"allow":["GET"]}}],"collection":[{"href":"https:\/\/sosyalhizmet.avrasya.edu.tr\/index.php?rest_route=\/wp\/v2\/pages"}],"about":[{"href":"https:\/\/sosyalhizmet.avrasya.edu.tr\/index.php?rest_route=\/wp\/v2\/types\/page"}],"author":[{"embeddable":true,"href":"https:\/\/sosyalhizmet.avrasya.edu.tr\/index.php?rest_route=\/wp\/v2\/users\/1"}],"replies":[{"embeddable":true,"href":"https:\/\/sosyalhizmet.avrasya.edu.tr\/index.php?rest_route=%2Fwp%2Fv2%2Fcomments&post=8859"}],"version-history":[{"count":2,"href":"https:\/\/sosyalhizmet.avrasya.edu.tr\/index.php?rest_route=\/wp\/v2\/pages\/8859\/revisions"}],"predecessor-version":[{"id":8861,"href":"https:\/\/sosyalhizmet.avrasya.edu.tr\/index.php?rest_route=\/wp\/v2\/pages\/8859\/revisions\/8861"}],"wp:attachment":[{"href":"https:\/\/sosyalhizmet.avrasya.edu.tr\/index.php?rest_route=%2Fwp%2Fv2%2Fmedia&parent=8859"}],"curies":[{"name":"wp","href":"https:\/\/api.w.org\/{rel}","templated":true}]}}