{"id":8868,"date":"2025-10-17T14:44:12","date_gmt":"2025-10-17T11:44:12","guid":{"rendered":"https:\/\/sosyalhizmet.avrasya.edu.tr\/?page_id=8868"},"modified":"2025-10-17T14:44:12","modified_gmt":"2025-10-17T11:44:12","slug":"program-ogretim-amaclari-medek","status":"publish","type":"page","link":"https:\/\/sosyalhizmet.avrasya.edu.tr\/?page_id=8868","title":{"rendered":"PROGRAM \u00d6\u011eRET\u0130M AMA\u00c7LARI &#8211; MEDEK"},"content":{"rendered":"\n<p>P\u00d6A1: Sosyal Hizmetler Program\u0131, bireylerin, ailelerin ve toplumun refah\u0131n\u0131 art\u0131rmaya y\u00f6nelik hizmetlerde g\u00f6rev alacak; sosyal adalet, insan haklar\u0131 ve etik de\u011ferlere ba\u011fl\u0131 sosyal hizmet meslek elemanlar\u0131 yeti\u015ftirmeyi ama\u00e7lar.<\/p>\n\n\n\n<p>P\u00d6A2: Mezunlar; Aile ve Sosyal Hizmetler Bakanl\u0131\u011f\u0131, belediyeler, hastaneler, adalet ve e\u011fitim kurumlar\u0131 ile \u00f6zel bak\u0131m merkezleri gibi \u00e7e\u015fitli kurumlarda etkili \u015fekilde g\u00f6rev yapabilecek bilgi, beceri ve tutumlarla donat\u0131l\u0131r.<\/p>\n\n\n\n<p>P\u00d6A3: \u00d6\u011frencilerin birey, grup ve toplum d\u00fczeyinde sosyal sorunlar\u0131 analiz edebilme, uygun m\u00fcdahale y\u00f6ntemlerini planlayabilme ve uygulayabilme becerilerini geli\u015ftirmek hedeflenir.<\/p>\n\n\n\n<p>P\u00d6A4: Program, mezunlar\u0131n\u0131n ya\u015fam boyu \u00f6\u011frenme anlay\u0131\u015f\u0131na sahip, disiplinler aras\u0131 ekiplerle etkili ileti\u015fim kurabilen ve toplumsal geli\u015fmeye katk\u0131 sa\u011flayan bireyler olmalar\u0131n\u0131 ama\u00e7lar.<\/p>\n","protected":false},"excerpt":{"rendered":"<p>P\u00d6A1: Sosyal Hizmetler Program\u0131, bireylerin, ailelerin ve toplumun refah\u0131n\u0131 art\u0131rmaya y\u00f6nelik hizmetlerde g\u00f6rev alacak; sosyal adalet, insan haklar\u0131 ve etik de\u011ferlere ba\u011fl\u0131 sosyal hizmet meslek elemanlar\u0131 yeti\u015ftirmeyi ama\u00e7lar. P\u00d6A2: Mezunlar; [&hellip;]<\/p>\n","protected":false},"author":1,"featured_media":0,"parent":0,"menu_order":0,"comment_status":"closed","ping_status":"closed","template":"","meta":{"footnotes":""},"class_list":["post-8868","page","type-page","status-publish","hentry"],"_links":{"self":[{"href":"https:\/\/sosyalhizmet.avrasya.edu.tr\/index.php?rest_route=\/wp\/v2\/pages\/8868","targetHints":{"allow":["GET"]}}],"collection":[{"href":"https:\/\/sosyalhizmet.avrasya.edu.tr\/index.php?rest_route=\/wp\/v2\/pages"}],"about":[{"href":"https:\/\/sosyalhizmet.avrasya.edu.tr\/index.php?rest_route=\/wp\/v2\/types\/page"}],"author":[{"embeddable":true,"href":"https:\/\/sosyalhizmet.avrasya.edu.tr\/index.php?rest_route=\/wp\/v2\/users\/1"}],"replies":[{"embeddable":true,"href":"https:\/\/sosyalhizmet.avrasya.edu.tr\/index.php?rest_route=%2Fwp%2Fv2%2Fcomments&post=8868"}],"version-history":[{"count":2,"href":"https:\/\/sosyalhizmet.avrasya.edu.tr\/index.php?rest_route=\/wp\/v2\/pages\/8868\/revisions"}],"predecessor-version":[{"id":8870,"href":"https:\/\/sosyalhizmet.avrasya.edu.tr\/index.php?rest_route=\/wp\/v2\/pages\/8868\/revisions\/8870"}],"wp:attachment":[{"href":"https:\/\/sosyalhizmet.avrasya.edu.tr\/index.php?rest_route=%2Fwp%2Fv2%2Fmedia&parent=8868"}],"curies":[{"name":"wp","href":"https:\/\/api.w.org\/{rel}","templated":true}]}}